{"id":673,"date":"2020-06-04T19:19:34","date_gmt":"2020-06-05T00:19:34","guid":{"rendered":"http:\/\/www.alem.com.ec\/?post_type=product&#038;p=673"},"modified":"2023-04-10T12:14:03","modified_gmt":"2023-04-10T17:14:03","slug":"duoderm-hydrogel-30gr","status":"publish","type":"product","link":"https:\/\/www.alem.com.ec\/?product=duoderm-hydrogel-30gr","title":{"rendered":"Duoderm Hydrogel 30GR"},"content":{"rendered":"","protected":false},"excerpt":{"rendered":"<p>Favorece el desbridamiento (eliminaci\u00f3n del tejido muerto). Crea un ambiente h\u00famedo \u00f3ptimo para el proceso de cicatrizaci\u00f3n<\/p>\n","protected":false},"featured_media":553,"template":"","meta":[],"product_brand":[],"product_cat":[40],"product_tag":[46],"class_list":{"0":"post-673","1":"product","2":"type-product","3":"status-publish","4":"has-post-thumbnail","6":"product_cat-convatec","7":"product_tag-hydrogel","9":"first","10":"instock","11":"shipping-taxable","12":"product-type-simple"},"_links":{"self":[{"href":"https:\/\/www.alem.com.ec\/index.php?rest_route=\/wp\/v2\/product\/673","targetHints":{"allow":["GET"]}}],"collection":[{"href":"https:\/\/www.alem.com.ec\/index.php?rest_route=\/wp\/v2\/product"}],"about":[{"href":"https:\/\/www.alem.com.ec\/index.php?rest_route=\/wp\/v2\/types\/product"}],"wp:featuredmedia":[{"embeddable":true,"href":"https:\/\/www.alem.com.ec\/index.php?rest_route=\/wp\/v2\/media\/553"}],"wp:attachment":[{"href":"https:\/\/www.alem.com.ec\/index.php?rest_route=%2Fwp%2Fv2%2Fmedia&parent=673"}],"wp:term":[{"taxonomy":"product_brand","embeddable":true,"href":"https:\/\/www.alem.com.ec\/index.php?rest_route=%2Fwp%2Fv2%2Fproduct_brand&post=673"},{"taxonomy":"product_cat","embeddable":true,"href":"https:\/\/www.alem.com.ec\/index.php?rest_route=%2Fwp%2Fv2%2Fproduct_cat&post=673"},{"taxonomy":"product_tag","embeddable":true,"href":"https:\/\/www.alem.com.ec\/index.php?rest_route=%2Fwp%2Fv2%2Fproduct_tag&post=673"}],"curies":[{"name":"wp","href":"https:\/\/api.w.org\/{rel}","templated":true}]}}