{"id":681,"date":"2020-06-04T19:34:29","date_gmt":"2020-06-05T00:34:29","guid":{"rendered":"http:\/\/www.alem.com.ec\/?post_type=product&#038;p=681"},"modified":"2023-04-10T12:12:17","modified_gmt":"2023-04-10T17:12:17","slug":"aquacel-ag-extra-10-x-10cm","status":"publish","type":"product","link":"https:\/\/www.alem.com.ec\/?product=aquacel-ag-extra-10-x-10cm","title":{"rendered":"Aquacel Ag extra 10 x 10cm"},"content":{"rendered":"","protected":false},"excerpt":{"rendered":"<p>Provee actividad anti microbiana sostenida durante 14 d\u00edas. Empapamiento lateral controlado, atrapamiento y destrucci\u00f3n de bacterias y microorganismos. Ap\u00f3sito altamente absorbente hasta 50 veces su peso<\/p>\n","protected":false},"featured_media":559,"template":"","meta":[],"product_brand":[],"product_cat":[40],"product_tag":[],"class_list":{"0":"post-681","1":"product","2":"type-product","3":"status-publish","4":"has-post-thumbnail","6":"product_cat-convatec","8":"first","9":"instock","10":"shipping-taxable","11":"product-type-simple"},"_links":{"self":[{"href":"https:\/\/www.alem.com.ec\/index.php?rest_route=\/wp\/v2\/product\/681","targetHints":{"allow":["GET"]}}],"collection":[{"href":"https:\/\/www.alem.com.ec\/index.php?rest_route=\/wp\/v2\/product"}],"about":[{"href":"https:\/\/www.alem.com.ec\/index.php?rest_route=\/wp\/v2\/types\/product"}],"wp:featuredmedia":[{"embeddable":true,"href":"https:\/\/www.alem.com.ec\/index.php?rest_route=\/wp\/v2\/media\/559"}],"wp:attachment":[{"href":"https:\/\/www.alem.com.ec\/index.php?rest_route=%2Fwp%2Fv2%2Fmedia&parent=681"}],"wp:term":[{"taxonomy":"product_brand","embeddable":true,"href":"https:\/\/www.alem.com.ec\/index.php?rest_route=%2Fwp%2Fv2%2Fproduct_brand&post=681"},{"taxonomy":"product_cat","embeddable":true,"href":"https:\/\/www.alem.com.ec\/index.php?rest_route=%2Fwp%2Fv2%2Fproduct_cat&post=681"},{"taxonomy":"product_tag","embeddable":true,"href":"https:\/\/www.alem.com.ec\/index.php?rest_route=%2Fwp%2Fv2%2Fproduct_tag&post=681"}],"curies":[{"name":"wp","href":"https:\/\/api.w.org\/{rel}","templated":true}]}}