{"id":683,"date":"2020-06-04T19:37:22","date_gmt":"2020-06-05T00:37:22","guid":{"rendered":"http:\/\/www.alem.com.ec\/?post_type=product&#038;p=683"},"modified":"2023-04-10T12:11:48","modified_gmt":"2023-04-10T17:11:48","slug":"aquacel-ag-extra-15-x-15cm","status":"publish","type":"product","link":"https:\/\/www.alem.com.ec\/?product=aquacel-ag-extra-15-x-15cm","title":{"rendered":"Aquacel Ag extra 15 x 15cm"},"content":{"rendered":"","protected":false},"excerpt":{"rendered":"<p>Provee actividad anti microbiana sostenida durante 14 d\u00edas. Empapamiento lateral controlado, atrapamiento y destrucci\u00f3n de bacterias y microorganismos. Ap\u00f3sito altamente absorbente hasta 50 veces su peso<\/p>\n","protected":false},"featured_media":559,"template":"","meta":[],"product_brand":[],"product_cat":[40],"product_tag":[45],"class_list":{"0":"post-683","1":"product","2":"type-product","3":"status-publish","4":"has-post-thumbnail","6":"product_cat-convatec","7":"product_tag-cuidado-de-heridas","9":"first","10":"instock","11":"shipping-taxable","12":"product-type-simple"},"_links":{"self":[{"href":"https:\/\/www.alem.com.ec\/index.php?rest_route=\/wp\/v2\/product\/683","targetHints":{"allow":["GET"]}}],"collection":[{"href":"https:\/\/www.alem.com.ec\/index.php?rest_route=\/wp\/v2\/product"}],"about":[{"href":"https:\/\/www.alem.com.ec\/index.php?rest_route=\/wp\/v2\/types\/product"}],"wp:featuredmedia":[{"embeddable":true,"href":"https:\/\/www.alem.com.ec\/index.php?rest_route=\/wp\/v2\/media\/559"}],"wp:attachment":[{"href":"https:\/\/www.alem.com.ec\/index.php?rest_route=%2Fwp%2Fv2%2Fmedia&parent=683"}],"wp:term":[{"taxonomy":"product_brand","embeddable":true,"href":"https:\/\/www.alem.com.ec\/index.php?rest_route=%2Fwp%2Fv2%2Fproduct_brand&post=683"},{"taxonomy":"product_cat","embeddable":true,"href":"https:\/\/www.alem.com.ec\/index.php?rest_route=%2Fwp%2Fv2%2Fproduct_cat&post=683"},{"taxonomy":"product_tag","embeddable":true,"href":"https:\/\/www.alem.com.ec\/index.php?rest_route=%2Fwp%2Fv2%2Fproduct_tag&post=683"}],"curies":[{"name":"wp","href":"https:\/\/api.w.org\/{rel}","templated":true}]}}