{"id":685,"date":"2020-06-04T19:39:22","date_gmt":"2020-06-05T00:39:22","guid":{"rendered":"http:\/\/www.alem.com.ec\/?post_type=product&#038;p=685"},"modified":"2023-04-10T12:11:13","modified_gmt":"2023-04-10T17:11:13","slug":"aquacel-ag-extra-mecha-2x45-cm","status":"publish","type":"product","link":"https:\/\/www.alem.com.ec\/?product=aquacel-ag-extra-mecha-2x45-cm","title":{"rendered":"Aquacel Ag extra mecha 2&#215;45 cm"},"content":{"rendered":"","protected":false},"excerpt":{"rendered":"<p>Provee actividad anti microbiana sostenida durante 14 d\u00edas. Empapamiento lateral controlado, atrapamiento y destrucci\u00f3n de bacterias y microorganismos. Ap\u00f3sito altamente absorbente hasta 50 veces su peso<\/p>\n","protected":false},"featured_media":558,"template":"","meta":[],"product_brand":[],"product_cat":[40],"product_tag":[45],"class_list":{"0":"post-685","1":"product","2":"type-product","3":"status-publish","4":"has-post-thumbnail","6":"product_cat-convatec","7":"product_tag-cuidado-de-heridas","9":"first","10":"instock","11":"shipping-taxable","12":"product-type-simple"},"_links":{"self":[{"href":"https:\/\/www.alem.com.ec\/index.php?rest_route=\/wp\/v2\/product\/685","targetHints":{"allow":["GET"]}}],"collection":[{"href":"https:\/\/www.alem.com.ec\/index.php?rest_route=\/wp\/v2\/product"}],"about":[{"href":"https:\/\/www.alem.com.ec\/index.php?rest_route=\/wp\/v2\/types\/product"}],"wp:featuredmedia":[{"embeddable":true,"href":"https:\/\/www.alem.com.ec\/index.php?rest_route=\/wp\/v2\/media\/558"}],"wp:attachment":[{"href":"https:\/\/www.alem.com.ec\/index.php?rest_route=%2Fwp%2Fv2%2Fmedia&parent=685"}],"wp:term":[{"taxonomy":"product_brand","embeddable":true,"href":"https:\/\/www.alem.com.ec\/index.php?rest_route=%2Fwp%2Fv2%2Fproduct_brand&post=685"},{"taxonomy":"product_cat","embeddable":true,"href":"https:\/\/www.alem.com.ec\/index.php?rest_route=%2Fwp%2Fv2%2Fproduct_cat&post=685"},{"taxonomy":"product_tag","embeddable":true,"href":"https:\/\/www.alem.com.ec\/index.php?rest_route=%2Fwp%2Fv2%2Fproduct_tag&post=685"}],"curies":[{"name":"wp","href":"https:\/\/api.w.org\/{rel}","templated":true}]}}