{"id":688,"date":"2020-06-04T19:44:22","date_gmt":"2020-06-05T00:44:22","guid":{"rendered":"http:\/\/www.alem.com.ec\/?post_type=product&#038;p=688"},"modified":"2020-06-04T19:44:22","modified_gmt":"2020-06-05T00:44:22","slug":"aquacel-ag-burn","status":"publish","type":"product","link":"https:\/\/www.alem.com.ec\/?product=aquacel-ag-burn","title":{"rendered":"Aquacel AG BURN"},"content":{"rendered":"","protected":false},"excerpt":{"rendered":"<p>Indicado en quemaduras de espesor parcial y \u00e1reas de zonas donantes. Dise\u00f1ado para desprenderse f\u00e1cilmente durante la re epitelizaci\u00f3n.<\/p>\n<p>Uso hasta 21 d\u00edas o hasta que este cl\u00ednicamente indicado disminuyendo el n\u00famero de cambios<\/p>\n","protected":false},"featured_media":546,"template":"","meta":[],"product_brand":[],"product_cat":[40],"product_tag":[],"class_list":{"0":"post-688","1":"product","2":"type-product","3":"status-publish","4":"has-post-thumbnail","6":"product_cat-convatec","8":"first","9":"instock","10":"shipping-taxable","11":"product-type-simple"},"_links":{"self":[{"href":"https:\/\/www.alem.com.ec\/index.php?rest_route=\/wp\/v2\/product\/688","targetHints":{"allow":["GET"]}}],"collection":[{"href":"https:\/\/www.alem.com.ec\/index.php?rest_route=\/wp\/v2\/product"}],"about":[{"href":"https:\/\/www.alem.com.ec\/index.php?rest_route=\/wp\/v2\/types\/product"}],"wp:featuredmedia":[{"embeddable":true,"href":"https:\/\/www.alem.com.ec\/index.php?rest_route=\/wp\/v2\/media\/546"}],"wp:attachment":[{"href":"https:\/\/www.alem.com.ec\/index.php?rest_route=%2Fwp%2Fv2%2Fmedia&parent=688"}],"wp:term":[{"taxonomy":"product_brand","embeddable":true,"href":"https:\/\/www.alem.com.ec\/index.php?rest_route=%2Fwp%2Fv2%2Fproduct_brand&post=688"},{"taxonomy":"product_cat","embeddable":true,"href":"https:\/\/www.alem.com.ec\/index.php?rest_route=%2Fwp%2Fv2%2Fproduct_cat&post=688"},{"taxonomy":"product_tag","embeddable":true,"href":"https:\/\/www.alem.com.ec\/index.php?rest_route=%2Fwp%2Fv2%2Fproduct_tag&post=688"}],"curies":[{"name":"wp","href":"https:\/\/api.w.org\/{rel}","templated":true}]}}